{"id":175,"date":"2021-04-09T13:03:19","date_gmt":"2021-04-09T13:03:19","guid":{"rendered":"https:\/\/debbisservice.wordpress.com\/?page_id=175"},"modified":"2021-04-10T11:44:50","modified_gmt":"2021-04-10T11:44:50","slug":"impressum","status":"publish","type":"page","link":"https:\/\/debi-service.de\/?page_id=175","title":{"rendered":"Impressum"},"content":{"rendered":"\n<p class=\"has-text-color\" style=\"color:#0f1f79;font-size:21px\"><strong>Debi-Service GmbH<\/strong><\/p>\n\n\n\n<p>Blankenburgstra\u00dfe 5<\/p>\n\n\n\n<p>46483 Wesel<\/p>\n\n\n\n<p>Telefon: 0281 331108<\/p>\n\n\n\n<p>Fax: 0281 331109<\/p>\n\n\n\n<p>E-Mail: info@debi-service.de<\/p>\n\n\n\n<p>Gesch\u00e4ftsf\u00fchrer: Gaetano Lombardo<\/p>\n\n\n\n<p>Handelsregister:<\/p>\n\n\n\n<p>Amtsgericht Duisburg, HRB 11283<\/p>\n\n\n\n<p>Umsatzsteuer-Identifikationsnummer: 130\/5938\/0104<\/p>\n\n\n\n<p>Berufshaftpflichtversicherung: ERGO Versicherung<\/p>\n\n\n\n<p>Wir d\u00fcrfen darauf hinweisen, dass unsere Gesellschaft ein erlaubnispflichtiges Gewerbe nach \u00a7 34 c Absatz 1 Satz 1 Nummer 4 Gewerbeordnung betreibt. Genehmigung nach \u00a7 34 c Abs. 1 S. 1 Nr. 4 GewO erteilt durch: Kreis Wesel, Der Landrat, Reeser Landstra\u00dfe 31, 46483 Wesel, Tel.: 0281 2070. Zust\u00e4ndige Aufsichtsbeh\u00f6rde: Kreis Wesel, Der Landrat, Reeser Landstra\u00dfe 31, 46483 Wesel, Tel.: 0281 2070.<\/p>\n\n\n\n<p class=\"has-text-color\" style=\"color:#0f1f79;font-size:21px\"><strong>Datenschutzbestimmung<\/strong><\/p>\n\n\n\n<p>Datenschutzerkl\u00e4rung<\/p>\n\n\n\n<p>Name und Kontaktdaten des f\u00fcr die Verarbeitung Verantwortlichen sowie des betrieblichen Datenschutzbeauftragten: <\/p>\n\n\n\n<p>Debi-Service GmbH, Gesch\u00e4ftsf\u00fchrer: Gaetano Lombardo, Blankenburgstra\u00dfe 5, 46483 Wesel, Tel.: 0281 331108, Fax: 0281 331109, E-Mail: info@debi-service.de.<\/p>\n\n\n\n<p>Diese Datenschutzinformation gilt auch f\u00fcr die Datenverarbeitung durch die Debi-Service GmbH. Der betriebliche Datenschutzbeauftragte ist unter der oben genannten Anschrift erreichbar.<\/p>\n\n\n\n<p>Die Betreiber dieser Seiten nehmen den Schutz Ihrer pers\u00f6nlichen Daten sehr ernst. Wir behandeln Ihre personenbezogenen Daten vertraulich und entsprechend der gesetzlichen Datenschutzvorschriften sowie dieser Datenschutzerkl\u00e4rung.<\/p>\n\n\n\n<p>Die Nutzung unserer Website ist in der Regel ohne Angabe personenbezogener Daten m\u00f6glich. Soweit auf unseren Seiten personenbezogene Daten (beispielsweise Name, Anschrift oder E-Mail-Adressen) erhoben werden, erfolgt dies, soweit m\u00f6glich, stets auf freiwilliger Basis. Diese Daten werden ohne Ihre ausdr\u00fcckliche Zustimmung nicht an Dritte weitergegeben. Wir weisen darauf hin, dass die Daten\u00fcbertragung im Internet (z.B. bei der Kommunikation per E-Mail) Sicherheitsl\u00fccken aufweisen kann. Ein l\u00fcckenloser Schutz der Daten vor dem Zugriff durch Dritte ist nicht m\u00f6glich.<\/p>\n\n\n\n<p>Cookies<\/p>\n\n\n\n<p>Die Internetseiten verwenden teilweise so genannte Cookies. Cookies richten auf Ihrem Rechner keinenSchaden an und enthalten keine Viren. Cookies dienen dazu, unser Angebot nutzerfreundlicher, effektiver und sicherer zu machen. Cookies sind kleine Textdateien, die auf Ihrem Rechner abgelegt werden und die Ihr Browser speichert. Die meisten der von uns verwendeten Cookies sind so genannte \u201eSession-Cookies\u201c. Sie werden nach Ende Ihres Besuchs automatisch gel\u00f6scht. Andere Cookies bleiben auf Ihrem Endger\u00e4t gespeichert, bis Sie diese l\u00f6schen. Diese Cookies erm\u00f6glichen es uns, Ihren Browser beim n\u00e4chsten Besuch wiederzuerkennen. Sie k\u00f6nnen Ihren Browser so einstellen, dass Sie \u00fcber das Setzen von Cookies informiert werden und Cookies nur im Einzelfall erlauben, die Annahme von Cookies f\u00fcr bestimmte F\u00e4lle oder generell ausschlie\u00dfen sowie das automatische L\u00f6schen der Cookies beim Schlie\u00dfen des Browser aktivieren. Bei der Deaktivierung von Cookies kann die Funktionalit\u00e4t dieser Website eingeschr\u00e4nkt sein.<\/p>\n\n\n\n<p>Server-Log-Files<\/p>\n\n\n\n<p>Der Provider der Seiten erhebt und speichert automatisch Informationen in so genannten Server-Log<\/p>\n\n\n\n<p>Files, die Ihr Browser automatisch an uns \u00fcbermittelt. Dies sind:<\/p>\n\n\n\n<p>Browsertyp und Browserversion<\/p>\n\n\n\n<p>verwendetes Betriebssystem<\/p>\n\n\n\n<p>Referrer URL<\/p>\n\n\n\n<p>Hostname des zugreifenden Rechners<\/p>\n\n\n\n<p>Uhrzeit der Serveranfrage<\/p>\n\n\n\n<p>Diese Daten sind nicht bestimmten Personen zuordenbar. Eine Zusammenf\u00fchrung dieser Daten mit anderen Datenquellen wird nicht vorgenommen. Wir behalten uns vor, diese Daten nachtr\u00e4glich zu pr\u00fcfen, wenn uns konkrete Anhaltspunkte f\u00fcr eine rechtswidrige Nutzung bekannt werden.<\/p>\n\n\n\n<p>Recht auf Auskunft, L\u00f6schung, Sperrung<\/p>\n\n\n\n<p>Sie haben jederzeit das Recht auf unentgeltliche Auskunft \u00fcber Ihre gespeicherten personenbezogenen Daten, deren Herkunft und Empf\u00e4nger und den Zweck der Datenverarbeitung sowie ein Recht auf Berichtigung, Sperrung oder L\u00f6schung dieser Daten. Hierzu sowie zu weiteren Fragen zum Thema personenbezogene Daten k\u00f6nnen Sie sich jederzeit unter der im Impressum angegebenen Adresse an uns sowie den betrieblichen Datenschutzbeauftragten wenden. Nach Widerruf Ihrer Einwilligung werden die personenbezogenen Daten mit sofortiger Wirkung gel\u00f6scht. Im \u00dcbrigen werden die verarbeiteten personenbezogenen Daten nach dreimonatigen Speicherdauer gel\u00f6scht. <\/p>\n","protected":false},"excerpt":{"rendered":"<p>Debi-Service GmbH Blankenburgstra\u00dfe 5 46483 Wesel Telefon: 0281 331108 Fax: 0281 331109 E-Mail: info@debi-service.de Gesch\u00e4ftsf\u00fchrer: Gaetano Lombardo Handelsregister: Amtsgericht Duisburg, HRB 11283 Umsatzsteuer-Identifikationsnummer: 130\/5938\/0104 Berufshaftpflichtversicherung: ERGO Versicherung Wir d\u00fcrfen darauf hinweisen, dass unsere Gesellschaft ein erlaubnispflichtiges Gewerbe nach \u00a7 34 c Absatz 1 Satz 1 Nummer 4 Gewerbeordnung betreibt. Genehmigung nach \u00a7 34 c Abs. &hellip; <\/p>\n<p class=\"link-more\"><a href=\"https:\/\/debi-service.de\/?page_id=175\" class=\"more-link\"><span class=\"screen-reader-text\">\u201eImpressum\u201c <\/span>weiterlesen<\/a><\/p>\n","protected":false},"author":1,"featured_media":0,"parent":0,"menu_order":0,"comment_status":"closed","ping_status":"closed","template":"","meta":[],"_links":{"self":[{"href":"https:\/\/debi-service.de\/index.php?rest_route=\/wp\/v2\/pages\/175"}],"collection":[{"href":"https:\/\/debi-service.de\/index.php?rest_route=\/wp\/v2\/pages"}],"about":[{"href":"https:\/\/debi-service.de\/index.php?rest_route=\/wp\/v2\/types\/page"}],"author":[{"embeddable":true,"href":"https:\/\/debi-service.de\/index.php?rest_route=\/wp\/v2\/users\/1"}],"replies":[{"embeddable":true,"href":"https:\/\/debi-service.de\/index.php?rest_route=%2Fwp%2Fv2%2Fcomments&post=175"}],"version-history":[{"count":2,"href":"https:\/\/debi-service.de\/index.php?rest_route=\/wp\/v2\/pages\/175\/revisions"}],"predecessor-version":[{"id":273,"href":"https:\/\/debi-service.de\/index.php?rest_route=\/wp\/v2\/pages\/175\/revisions\/273"}],"wp:attachment":[{"href":"https:\/\/debi-service.de\/index.php?rest_route=%2Fwp%2Fv2%2Fmedia&parent=175"}],"curies":[{"name":"wp","href":"https:\/\/api.w.org\/{rel}","templated":true}]}}