{"id":6,"date":"2021-02-20T15:37:01","date_gmt":"2021-02-20T13:37:01","guid":{"rendered":"https:\/\/debbisservice.wordpress.com\/?page_id=6"},"modified":"2021-05-23T21:12:30","modified_gmt":"2021-05-23T21:12:30","slug":"home","status":"publish","type":"page","link":"https:\/\/debi-service.de\/","title":{"rendered":"Willkommen"},"content":{"rendered":"\n<div class=\"wp-block-cover alignfull has-background-dim\" style=\"min-height:414px\"><img class=\"wp-block-cover__image-background wp-image-121\" alt=\"\" src=\"https:\/\/debbisservice.files.wordpress.com\/2021\/03\/img_3195.jpg\" style=\"object-position:19% 24%\" data-object-fit=\"cover\" data-object-position=\"19% 24%\"\/><div class=\"wp-block-cover__inner-container\">\n<div class=\"wp-block-jetpack-layout-grid alignfull column1-desktop-grid__span-8 column1-desktop-grid__start-3 column1-desktop-grid__row-1 column1-tablet-grid__span-8 column1-tablet-grid__row-1 column1-mobile-grid__span-4 column1-mobile-grid__row-1\">\n<div class=\"wp-block-jetpack-layout-grid-column wp-block-jetpack-layout-grid__padding-none\">\n<h1 class=\"has-text-align-center has-huge-font-size\" style=\"line-height:0.7\">Debi-Service GmbH<\/h1>\n\n\n\n<h1 class=\"has-text-align-center has-huge-font-size\" style=\"line-height:0.9\">Hausverwaltung<\/h1>\n\n\n\n<h4 class=\"has-text-align-center\" style=\"line-height:1.5\">Willkommen bei Ihrer Hausverwaltung in der <\/h4>\n\n\n\n<h4 class=\"has-text-align-center\" style=\"line-height:0\">Rhein-Ruhr-Metropole<\/h4>\n<\/div>\n<\/div>\n<\/div><\/div>\n\n\n\n<div class=\"wp-block-group alignfull has-background-background-color has-background\"><div class=\"wp-block-group__inner-container\">\n<div class=\"wp-block-jetpack-layout-grid alignfull column1-desktop-grid__span-12 column1-desktop-grid__row-1 column1-tablet-grid__span-8 column1-tablet-grid__row-1 column1-mobile-grid__span-4 column1-mobile-grid__row-1\">\n<div class=\"wp-block-jetpack-layout-grid-column wp-block-jetpack-layout-grid__padding-none\">\n<h4 class=\"has-text-color\" style=\"color:#0f1f79;font-size:35px;line-height:1.5\">Ihre Immobilie in sicheren H\u00e4nden<\/h4>\n\n\n\n<p class=\"has-text-align-left has-dark-gray-color has-text-color\" style=\"font-size:21px;line-height:2\">Mit Erfahrung, Engagement und pers\u00f6nlichem Einsatz setzten wir uns f\u00fcr die Interessen unserer Kunden rund um ihre Immobilie ein. Herzlich begr\u00fc\u00dfen wir Sie bei der Debi-Service GmbH, die seit mehr als 20 Jahren im Bereich der Immobilienverwaltung in der Rhein-Ruhr-Metropole t\u00e4tig ist. Egal ob klein oder gro\u00df, Ihre Immobilie ist bei uns in besten H\u00e4nden. Durch unser vielschichtiges Angebot k\u00f6nnen wir Sie sowohl in der Verwaltung von Wohnungseigentum (WEG), Sondereigentums- und Mietverwaltung sowie Gewerbeverwaltung betreuen. Dabei stellen wir durch st\u00e4ndige Weiterbildung sicher, dass unser qualifiziertes Team Sie jederzeit auf  Grundlage der aktuellen Gesetzeslage ber\u00e4t. <\/p>\n<\/div>\n<\/div>\n<\/div><\/div>\n\n\n\n<div class=\"wp-block-columns alignwide\">\n<div class=\"wp-block-column is-vertically-aligned-top\">\n<p class=\"has-text-color\" style=\"color:#0f1f79;font-size:24px;line-height:1.17\"><strong><a href=\"https:\/\/debi-service.de\/?page_id=7#Wohnung\" data-type=\"URL\">Verwaltung von Wohnungseigentum<\/a><\/strong><\/p>\n\n\n\n<p class=\"has-text-color\" style=\"color:#000000;font-size:17px;line-height:1.42\">Von allgemeiner Verwaltungst\u00e4tigkeit hin zur Abwicklung von Schadensf\u00e4llen &#8211; Ihre WEG-Verwaltung in besten H\u00e4nden.<\/p>\n<\/div>\n\n\n\n<div class=\"wp-block-column\">\n<p class=\"has-text-color\" style=\"color:#0f1f79;font-size:24px;line-height:1.17\"><strong><a href=\"https:\/\/debi-service.de\/?page_id=7#Sondereigentum\" data-type=\"URL\">Sondereigentums- und Mietverwaltung<\/a><\/strong><\/p>\n\n\n\n<p class=\"has-text-color\" style=\"color:#000000;font-size:17px;line-height:1.42\">Machen Sie Ihre Mieter zu unserer Aufgabe. Suche, Auswahl und Administration &#8211; unsere Sondereigentums- und Mietverwaltung f\u00fcr Sie.<\/p>\n<\/div>\n\n\n\n<div class=\"wp-block-column\">\n<p class=\"has-text-color\" style=\"color:#0f1f79;font-size:24px;line-height:2.3\"><strong><a href=\"https:\/\/debi-service.de\/?page_id=7#Gewerbeverwaltung\" data-type=\"URL\">Gewerbeverwaltung<\/a><a href=\"https:\/\/debi-service.de\/wp-admin\/post.php?post=7&amp;action=edit\" data-type=\"URL\" data-id=\"https:\/\/debi-service.de\/wp-admin\/post.php?post=7&amp;action=edit\"> <\/a><\/strong><\/p>\n\n\n\n<p class=\"has-text-color\" style=\"color:#000000;font-size:17px;line-height:1.42\">Ihre Gewerbefl\u00e4che &#8211; unsere Expertise. Optimieren Sie das Potential Ihrer Gewerbeimmobilie mit uns. <\/p>\n<\/div>\n<\/div>\n\n\n\n<p><\/p>\n","protected":false},"excerpt":{"rendered":"<p>Verwaltung von Wohnungseigentum Von allgemeiner Verwaltungst\u00e4tigkeit hin zur Abwicklung von Schadensf\u00e4llen &#8211; Ihre WEG-Verwaltung in besten H\u00e4nden. Sondereigentums- und Mietverwaltung Machen Sie Ihre Mieter zu unserer Aufgabe. Suche, Auswahl und Administration &#8211; unsere Sondereigentums- und Mietverwaltung f\u00fcr Sie. Gewerbeverwaltung Ihre Gewerbefl\u00e4che &#8211; unsere Expertise. Optimieren Sie das Potential Ihrer Gewerbeimmobilie mit uns.<\/p>\n","protected":false},"author":1,"featured_media":0,"parent":0,"menu_order":1,"comment_status":"closed","ping_status":"closed","template":"","meta":[],"_links":{"self":[{"href":"https:\/\/debi-service.de\/index.php?rest_route=\/wp\/v2\/pages\/6"}],"collection":[{"href":"https:\/\/debi-service.de\/index.php?rest_route=\/wp\/v2\/pages"}],"about":[{"href":"https:\/\/debi-service.de\/index.php?rest_route=\/wp\/v2\/types\/page"}],"author":[{"embeddable":true,"href":"https:\/\/debi-service.de\/index.php?rest_route=\/wp\/v2\/users\/1"}],"replies":[{"embeddable":true,"href":"https:\/\/debi-service.de\/index.php?rest_route=%2Fwp%2Fv2%2Fcomments&post=6"}],"version-history":[{"count":16,"href":"https:\/\/debi-service.de\/index.php?rest_route=\/wp\/v2\/pages\/6\/revisions"}],"predecessor-version":[{"id":299,"href":"https:\/\/debi-service.de\/index.php?rest_route=\/wp\/v2\/pages\/6\/revisions\/299"}],"wp:attachment":[{"href":"https:\/\/debi-service.de\/index.php?rest_route=%2Fwp%2Fv2%2Fmedia&parent=6"}],"curies":[{"name":"wp","href":"https:\/\/api.w.org\/{rel}","templated":true}]}}