{"id":9,"date":"2021-02-20T15:36:58","date_gmt":"2021-02-20T13:36:58","guid":{"rendered":"https:\/\/debbisservice.wordpress.com\/?page_id=9"},"modified":"2021-06-25T12:47:58","modified_gmt":"2021-06-25T12:47:58","slug":"about","status":"publish","type":"page","link":"https:\/\/debi-service.de\/?page_id=9","title":{"rendered":"\u00dcber Uns"},"content":{"rendered":"\n<div class=\"wp-block-columns\">\n<div class=\"wp-block-column\" style=\"flex-basis:66.66%\">\n<figure class=\"wp-block-image size-large is-resized is-style-rounded\"><img loading=\"lazy\" src=\"https:\/\/debi-service.de\/wp-content\/uploads\/2021\/03\/52cba52f-3b47-4eae-af41-e33275ded69a.jpg?w=923\" alt=\"\" class=\"wp-image-209\" width=\"300\" height=\"300\" srcset=\"https:\/\/debi-service.de\/wp-content\/uploads\/2021\/03\/52cba52f-3b47-4eae-af41-e33275ded69a.jpg 923w, https:\/\/debi-service.de\/wp-content\/uploads\/2021\/03\/52cba52f-3b47-4eae-af41-e33275ded69a-300x300.jpg 300w, https:\/\/debi-service.de\/wp-content\/uploads\/2021\/03\/52cba52f-3b47-4eae-af41-e33275ded69a-150x150.jpg 150w, https:\/\/debi-service.de\/wp-content\/uploads\/2021\/03\/52cba52f-3b47-4eae-af41-e33275ded69a-768x768.jpg 768w\" sizes=\"(max-width: 300px) 100vw, 300px\" \/><\/figure>\n<\/div>\n\n\n\n<div class=\"wp-block-column\" style=\"flex-basis:33.33%\">\n<h2 class=\"has-text-color\" style=\"color:#0f1f79;font-size:25px\">Gaetano Lombardo<\/h2>\n\n\n\n<p class=\"has-text-color\" style=\"color:#000000;font-size:18px\">Gesch\u00e4ftsf\u00fchrer<\/p>\n\n\n\n<p class=\"has-text-color\" style=\"color:#000000;font-size:18px\">Hausverwalter<\/p>\n\n\n\n<p class=\"has-text-color\" style=\"color:#000000;font-size:18px\">info@debi-service.de<\/p>\n\n\n\n<p><\/p>\n<\/div>\n<\/div>\n\n\n\n<div class=\"wp-block-columns\">\n<div class=\"wp-block-column\" style=\"flex-basis:66.66%\">\n<figure class=\"wp-block-image size-large is-resized is-style-rounded\"><img loading=\"lazy\" src=\"https:\/\/debi-service.de\/wp-content\/uploads\/2021\/03\/img_3220.jpg?w=710\" alt=\"\" class=\"wp-image-189\" width=\"300\" height=\"300\" srcset=\"https:\/\/debi-service.de\/wp-content\/uploads\/2021\/03\/img_3220.jpg 2094w, https:\/\/debi-service.de\/wp-content\/uploads\/2021\/03\/img_3220-300x300.jpg 300w, https:\/\/debi-service.de\/wp-content\/uploads\/2021\/03\/img_3220-1024x1024.jpg 1024w, https:\/\/debi-service.de\/wp-content\/uploads\/2021\/03\/img_3220-150x150.jpg 150w, https:\/\/debi-service.de\/wp-content\/uploads\/2021\/03\/img_3220-768x768.jpg 768w, https:\/\/debi-service.de\/wp-content\/uploads\/2021\/03\/img_3220-1536x1536.jpg 1536w, https:\/\/debi-service.de\/wp-content\/uploads\/2021\/03\/img_3220-2048x2048.jpg 2048w, https:\/\/debi-service.de\/wp-content\/uploads\/2021\/03\/img_3220-1568x1568.jpg 1568w\" sizes=\"(max-width: 300px) 100vw, 300px\" \/><\/figure>\n<\/div>\n\n\n\n<div class=\"wp-block-column\" style=\"flex-basis:33.33%\">\n<h2 class=\"has-text-color\" style=\"color:#0f1f79;font-size:25px\">Heike Hen\u00dfen<\/h2>\n\n\n\n<p class=\"has-text-color\" style=\"color:#000000;font-size:18px\">Immobilienverwalterin   (IHK)<\/p>\n\n\n\n<p style=\"font-size:18px\">Immobilienmaklerin        (IHK)<\/p>\n\n\n\n<p class=\"has-text-color\" style=\"color:#000000;font-size:18px\">info@debi-service.de<\/p>\n<\/div>\n<\/div>\n\n\n\n<p><\/p>\n","protected":false},"excerpt":{"rendered":"<p>Gaetano Lombardo Gesch\u00e4ftsf\u00fchrer Hausverwalter info@debi-service.de Heike Hen\u00dfen Immobilienverwalterin (IHK) Immobilienmaklerin (IHK) info@debi-service.de<\/p>\n","protected":false},"author":1,"featured_media":0,"parent":0,"menu_order":0,"comment_status":"closed","ping_status":"closed","template":"","meta":[],"_links":{"self":[{"href":"https:\/\/debi-service.de\/index.php?rest_route=\/wp\/v2\/pages\/9"}],"collection":[{"href":"https:\/\/debi-service.de\/index.php?rest_route=\/wp\/v2\/pages"}],"about":[{"href":"https:\/\/debi-service.de\/index.php?rest_route=\/wp\/v2\/types\/page"}],"author":[{"embeddable":true,"href":"https:\/\/debi-service.de\/index.php?rest_route=\/wp\/v2\/users\/1"}],"replies":[{"embeddable":true,"href":"https:\/\/debi-service.de\/index.php?rest_route=%2Fwp%2Fv2%2Fcomments&post=9"}],"version-history":[{"count":8,"href":"https:\/\/debi-service.de\/index.php?rest_route=\/wp\/v2\/pages\/9\/revisions"}],"predecessor-version":[{"id":318,"href":"https:\/\/debi-service.de\/index.php?rest_route=\/wp\/v2\/pages\/9\/revisions\/318"}],"wp:attachment":[{"href":"https:\/\/debi-service.de\/index.php?rest_route=%2Fwp%2Fv2%2Fmedia&parent=9"}],"curies":[{"name":"wp","href":"https:\/\/api.w.org\/{rel}","templated":true}]}}